{"id":1948,"date":"2020-12-08T17:31:41","date_gmt":"2020-12-08T17:31:41","guid":{"rendered":"https:\/\/www.cpasecurite.qc.ca\/le-saviez-vous\/"},"modified":"2024-07-26T11:45:17","modified_gmt":"2024-07-26T15:45:17","slug":"did-you-know","status":"publish","type":"page","link":"https:\/\/www.cpasecurite.qc.ca\/en\/did-you-know\/","title":{"rendered":"Did you know?"},"content":{"rendered":"\t\t<div data-elementor-type=\"wp-page\" data-elementor-id=\"1948\" class=\"elementor elementor-1948 elementor-348\" data-elementor-post-type=\"page\">\n\t\t\t\t\t\t<section class=\"elementor-section elementor-top-section elementor-element elementor-element-d19bd16 elementor-section-full_width pv200 section-head elementor-section-height-default elementor-section-height-default\" data-id=\"d19bd16\" data-element_type=\"section\" data-settings=\"{&quot;jet_parallax_layout_list&quot;:[{&quot;jet_parallax_layout_image&quot;:{&quot;url&quot;:&quot;&quot;,&quot;id&quot;:&quot;&quot;,&quot;size&quot;:&quot;&quot;},&quot;_id&quot;:&quot;553a39c&quot;,&quot;jet_parallax_layout_image_tablet&quot;:{&quot;url&quot;:&quot;&quot;,&quot;id&quot;:&quot;&quot;,&quot;size&quot;:&quot;&quot;},&quot;jet_parallax_layout_image_mobile&quot;:{&quot;url&quot;:&quot;&quot;,&quot;id&quot;:&quot;&quot;,&quot;size&quot;:&quot;&quot;},&quot;jet_parallax_layout_speed&quot;:{&quot;unit&quot;:&quot;%&quot;,&quot;size&quot;:50,&quot;sizes&quot;:[]},&quot;jet_parallax_layout_type&quot;:&quot;scroll&quot;,&quot;jet_parallax_layout_direction&quot;:&quot;1&quot;,&quot;jet_parallax_layout_fx_direction&quot;:null,&quot;jet_parallax_layout_z_index&quot;:&quot;&quot;,&quot;jet_parallax_layout_bg_x&quot;:50,&quot;jet_parallax_layout_bg_x_tablet&quot;:&quot;&quot;,&quot;jet_parallax_layout_bg_x_mobile&quot;:&quot;&quot;,&quot;jet_parallax_layout_bg_y&quot;:50,&quot;jet_parallax_layout_bg_y_tablet&quot;:&quot;&quot;,&quot;jet_parallax_layout_bg_y_mobile&quot;:&quot;&quot;,&quot;jet_parallax_layout_bg_size&quot;:&quot;auto&quot;,&quot;jet_parallax_layout_bg_size_tablet&quot;:&quot;&quot;,&quot;jet_parallax_layout_bg_size_mobile&quot;:&quot;&quot;,&quot;jet_parallax_layout_animation_prop&quot;:&quot;transform&quot;,&quot;jet_parallax_layout_on&quot;:[&quot;desktop&quot;,&quot;tablet&quot;]}],&quot;background_background&quot;:&quot;classic&quot;}\">\n\t\t\t\t\t\t\t<div class=\"elementor-background-overlay\"><\/div>\n\t\t\t\t\t\t\t<div class=\"elementor-container elementor-column-gap-default\">\n\t\t\t\t\t<div class=\"elementor-column elementor-col-100 elementor-top-column elementor-element elementor-element-f6beace\" data-id=\"f6beace\" data-element_type=\"column\">\n\t\t\t<div class=\"elementor-widget-wrap elementor-element-populated\">\n\t\t\t\t\t\t<div class=\"elementor-element elementor-element-97a8016 elementor-widget elementor-widget-heading\" data-id=\"97a8016\" data-element_type=\"widget\" data-widget_type=\"heading.default\">\n\t\t\t\t<div class=\"elementor-widget-container\">\n\t\t\t\t\t<h1 class=\"elementor-heading-title elementor-size-default\">Did you know?<\/h1>\t\t\t\t<\/div>\n\t\t\t\t<\/div>\n\t\t\t\t\t<\/div>\n\t\t<\/div>\n\t\t\t\t\t<\/div>\n\t\t<\/section>\n\t\t\t\t<section class=\"elementor-section elementor-top-section elementor-element elementor-element-f5f13d6 pv100 elementor-section-boxed elementor-section-height-default elementor-section-height-default\" data-id=\"f5f13d6\" data-element_type=\"section\" data-settings=\"{&quot;jet_parallax_layout_list&quot;:[{&quot;jet_parallax_layout_image&quot;:{&quot;url&quot;:&quot;&quot;,&quot;id&quot;:&quot;&quot;,&quot;size&quot;:&quot;&quot;},&quot;_id&quot;:&quot;7300768&quot;,&quot;jet_parallax_layout_image_tablet&quot;:{&quot;url&quot;:&quot;&quot;,&quot;id&quot;:&quot;&quot;,&quot;size&quot;:&quot;&quot;},&quot;jet_parallax_layout_image_mobile&quot;:{&quot;url&quot;:&quot;&quot;,&quot;id&quot;:&quot;&quot;,&quot;size&quot;:&quot;&quot;},&quot;jet_parallax_layout_speed&quot;:{&quot;unit&quot;:&quot;%&quot;,&quot;size&quot;:50,&quot;sizes&quot;:[]},&quot;jet_parallax_layout_type&quot;:&quot;scroll&quot;,&quot;jet_parallax_layout_direction&quot;:&quot;1&quot;,&quot;jet_parallax_layout_fx_direction&quot;:null,&quot;jet_parallax_layout_z_index&quot;:&quot;&quot;,&quot;jet_parallax_layout_bg_x&quot;:50,&quot;jet_parallax_layout_bg_x_tablet&quot;:&quot;&quot;,&quot;jet_parallax_layout_bg_x_mobile&quot;:&quot;&quot;,&quot;jet_parallax_layout_bg_y&quot;:50,&quot;jet_parallax_layout_bg_y_tablet&quot;:&quot;&quot;,&quot;jet_parallax_layout_bg_y_mobile&quot;:&quot;&quot;,&quot;jet_parallax_layout_bg_size&quot;:&quot;auto&quot;,&quot;jet_parallax_layout_bg_size_tablet&quot;:&quot;&quot;,&quot;jet_parallax_layout_bg_size_mobile&quot;:&quot;&quot;,&quot;jet_parallax_layout_animation_prop&quot;:&quot;transform&quot;,&quot;jet_parallax_layout_on&quot;:[&quot;desktop&quot;,&quot;tablet&quot;]}]}\">\n\t\t\t\t\t\t<div class=\"elementor-container elementor-column-gap-default\">\n\t\t\t\t\t<div class=\"elementor-column elementor-col-100 elementor-top-column elementor-element elementor-element-aff3ba5\" data-id=\"aff3ba5\" data-element_type=\"column\">\n\t\t\t<div class=\"elementor-widget-wrap elementor-element-populated\">\n\t\t\t\t\t\t<div class=\"elementor-element elementor-element-0acd592 posts-infos archive elementor-widget elementor-widget-raven-posts\" data-id=\"0acd592\" data-element_type=\"widget\" data-settings=\"{&quot;query_posts_per_page&quot;:12,&quot;classic_show_pagination&quot;:&quot;yes&quot;,&quot;_skin&quot;:&quot;classic&quot;,&quot;classic_layout&quot;:&quot;grid&quot;,&quot;classic_columns&quot;:&quot;3&quot;,&quot;classic_columns_tablet&quot;:&quot;2&quot;,&quot;classic_columns_mobile&quot;:&quot;1&quot;,&quot;classic_pagination_type&quot;:&quot;page_based&quot;,&quot;query_offset&quot;:0}\" data-widget_type=\"raven-posts.classic\">\n\t\t\t\t<div class=\"elementor-widget-container\">\n\t\t\t\t\t\t\t<div class=\"raven-posts raven-grid raven-grid-3 raven-grid-mobile-1 raven-grid-tablet-2\" data-post-id=\"1948\" data-archive-query=\"\" data-lang=\"\">\n\t\t\t\t<div class=\"raven-grid-item raven-post-item post-6359 post type-post status-publish format-standard has-post-thumbnail hentry category-did-you-know\">\n\t\t\t<div class=\"raven-post\">\n\t\t\t\t\t\t<div class=\"raven-post-image-wrap\">\n\t\t\t<a class=\"raven-post-image raven-image-fit\" href=\"https:\/\/www.cpasecurite.qc.ca\/en\/cpas-pour-rien-quon-est-la-anglais\/\"><img data-opt-id=1071848040  fetchpriority=\"high\" decoding=\"async\" width=\"1024\" height=\"553\" src=\"https:\/\/mlw8umnlibay.i.optimole.com\/w:1024\/h:553\/q:mauto\/f:best\/https:\/\/www.cpasecurite.qc.ca\/wp-content\/uploads\/2026\/03\/CPAS-pour-rien-quon-est-la-20260312.png\" class=\"attachment-large size-large wp-image-6344\" alt=\"\" srcset=\"https:\/\/mlw8umnlibay.i.optimole.com\/w:1024\/h:553\/q:mauto\/f:best\/https:\/\/www.cpasecurite.qc.ca\/wp-content\/uploads\/2026\/03\/CPAS-pour-rien-quon-est-la-20260312.png 1024w, https:\/\/mlw8umnlibay.i.optimole.com\/w:300\/h:162\/q:mauto\/f:best\/https:\/\/www.cpasecurite.qc.ca\/wp-content\/uploads\/2026\/03\/CPAS-pour-rien-quon-est-la-20260312.png 300w, https:\/\/mlw8umnlibay.i.optimole.com\/w:768\/h:415\/q:mauto\/f:best\/https:\/\/www.cpasecurite.qc.ca\/wp-content\/uploads\/2026\/03\/CPAS-pour-rien-quon-est-la-20260312.png 768w, https:\/\/mlw8umnlibay.i.optimole.com\/w:1536\/h:830\/q:mauto\/f:best\/https:\/\/www.cpasecurite.qc.ca\/wp-content\/uploads\/2026\/03\/CPAS-pour-rien-quon-est-la-20260312.png 1536w, https:\/\/mlw8umnlibay.i.optimole.com\/w:1546\/h:835\/q:mauto\/f:best\/https:\/\/www.cpasecurite.qc.ca\/wp-content\/uploads\/2026\/03\/CPAS-pour-rien-quon-est-la-20260312.png 1546w\" sizes=\"(max-width: 1000px) 100vw, 1000px\" \/> <span class=\"raven-post-image-overlay\"><\/span><\/a>\t\t<\/div>\n\t\t\t\t\t\t<div class=\"raven-post-content\">\n\t\t\t\t\t<h2 class=\"raven-post-title\"><a class=\"raven-post-title-link\" href=\"https:\/\/www.cpasecurite.qc.ca\/en\/cpas-pour-rien-quon-est-la-anglais\/\">C\u2019PAS POUR RIEN QU\u2019ON EST L\u00c0\u202f!<\/a><\/h2><div class=\"raven-post-excerpt\">The Parity Committee has recently launched a campaign to remind the industry, government, and the public that the Parity Committee for Security Guards is:\n\nan essential pillar of security benefiting all Quebecers;\na self\u2011funded regulatory organization;\nthe best way to ensure fair working conditions for security guards;\na guarantee of healthy competition in the private security sector.\n \nC\u2019PAS POUR RIEN QU\u2019ON EST L\u00c0\u202f!<\/div>\t\t<div class=\"raven-post-read-more\">\n\t\t\t<a class=\"raven-post-button\" href=\"https:\/\/www.cpasecurite.qc.ca\/en\/cpas-pour-rien-quon-est-la-anglais\/\"><span class=\"raven-post-button-text\">Read More<\/span><\/a>\n\t\t<\/div>\n\t\t\t\t\t\t<\/div>\n\t\t\t<\/div>\n\t\t<\/div>\n\t\t\t\t<div class=\"raven-grid-item raven-post-item post-5708 post type-post status-publish format-standard has-post-thumbnail hentry category-did-you-know\">\n\t\t\t<div class=\"raven-post\">\n\t\t\t\t\t\t<div class=\"raven-post-image-wrap\">\n\t\t\t<a class=\"raven-post-image raven-image-fit\" href=\"https:\/\/www.cpasecurite.qc.ca\/en\/the-importance-of-joining-the-fonds-de-solidarite-ftq-and-providing-proof\/\"><img data-opt-id=904957002  fetchpriority=\"high\" decoding=\"async\" width=\"692\" height=\"476\" src=\"https:\/\/mlw8umnlibay.i.optimole.com\/w:auto\/h:auto\/q:mauto\/f:best\/https:\/\/www.cpasecurite.qc.ca\/wp-content\/uploads\/2020\/12\/saviez-vous2.jpg\" class=\"attachment-large size-large wp-image-1578\" alt=\"\" srcset=\"https:\/\/mlw8umnlibay.i.optimole.com\/w:692\/h:476\/q:mauto\/f:best\/https:\/\/www.cpasecurite.qc.ca\/wp-content\/uploads\/2020\/12\/saviez-vous2.jpg 692w, https:\/\/mlw8umnlibay.i.optimole.com\/w:300\/h:206\/q:mauto\/f:best\/https:\/\/www.cpasecurite.qc.ca\/wp-content\/uploads\/2020\/12\/saviez-vous2.jpg 300w\" sizes=\"(max-width: 692px) 100vw, 692px\" \/> <span class=\"raven-post-image-overlay\"><\/span><\/a>\t\t<\/div>\n\t\t\t\t\t\t<div class=\"raven-post-content\">\n\t\t\t\t\t<h2 class=\"raven-post-title\"><a class=\"raven-post-title-link\" href=\"https:\/\/www.cpasecurite.qc.ca\/en\/the-importance-of-joining-the-fonds-de-solidarite-ftq-and-providing-proof\/\">The importance of joining the Fonds de solidarit\u00e9 FTQ and providing proof.<\/a><\/h2><div class=\"raven-post-excerpt\">Did you know that since October 9 2024, the employer is required to contribute to the RRSP for an eligible employee only if the employee has completed his enrolment and provided proof to his employer?<\/div>\t\t<div class=\"raven-post-read-more\">\n\t\t\t<a class=\"raven-post-button\" href=\"https:\/\/www.cpasecurite.qc.ca\/en\/the-importance-of-joining-the-fonds-de-solidarite-ftq-and-providing-proof\/\"><span class=\"raven-post-button-text\">Read More<\/span><\/a>\n\t\t<\/div>\n\t\t\t\t\t\t<\/div>\n\t\t\t<\/div>\n\t\t<\/div>\n\t\t\t\t<div class=\"raven-grid-item raven-post-item post-5507 post type-post status-publish format-standard has-post-thumbnail hentry category-did-you-know\">\n\t\t\t<div class=\"raven-post\">\n\t\t\t\t\t\t<div class=\"raven-post-image-wrap\">\n\t\t\t<a class=\"raven-post-image raven-image-fit\" href=\"https:\/\/www.cpasecurite.qc.ca\/en\/the-uniform-a-shared-responsibility\/\"><img data-opt-id=1118486785  data-opt-src=\"https:\/\/mlw8umnlibay.i.optimole.com\/w:auto\/h:auto\/q:mauto\/f:best\/https:\/\/www.cpasecurite.qc.ca\/wp-content\/uploads\/2020\/12\/cpas-img.jpg\"  decoding=\"async\" width=\"523\" height=\"791\" src=\"data:image/svg+xml,%3Csvg%20viewBox%3D%220%200%20100%%20100%%22%20width%3D%22100%%22%20height%3D%22100%%22%20xmlns%3D%22http%3A%2F%2Fwww.w3.org%2F2000%2Fsvg%22%3E%3Crect%20width%3D%22100%%22%20height%3D%22100%%22%20fill%3D%22transparent%22%2F%3E%3C%2Fsvg%3E\" class=\"attachment-large size-large wp-image-621\" alt=\"\" old-srcset=\"https:\/\/mlw8umnlibay.i.optimole.com\/w:523\/h:791\/q:mauto\/f:best\/https:\/\/www.cpasecurite.qc.ca\/wp-content\/uploads\/2020\/12\/cpas-img.jpg 523w, https:\/\/mlw8umnlibay.i.optimole.com\/w:198\/h:300\/q:mauto\/f:best\/https:\/\/www.cpasecurite.qc.ca\/wp-content\/uploads\/2020\/12\/cpas-img.jpg 198w\" \/> <span class=\"raven-post-image-overlay\"><\/span><\/a>\t\t<\/div>\n\t\t\t\t\t\t<div class=\"raven-post-content\">\n\t\t\t\t\t<h2 class=\"raven-post-title\"><a class=\"raven-post-title-link\" href=\"https:\/\/www.cpasecurite.qc.ca\/en\/the-uniform-a-shared-responsibility\/\">The uniform: A shared responsibility.<\/a><\/h2><div class=\"raven-post-excerpt\">Upon termination of employment, the employee must return its uniform and equipment provided by its former employer, and the employer must, on its part, pay any amounts owed to the employee. <\/div>\t\t<div class=\"raven-post-read-more\">\n\t\t\t<a class=\"raven-post-button\" href=\"https:\/\/www.cpasecurite.qc.ca\/en\/the-uniform-a-shared-responsibility\/\"><span class=\"raven-post-button-text\">Read More<\/span><\/a>\n\t\t<\/div>\n\t\t\t\t\t\t<\/div>\n\t\t\t<\/div>\n\t\t<\/div>\n\t\t\t\t<div class=\"raven-grid-item raven-post-item post-5501 post type-post status-publish format-standard has-post-thumbnail hentry category-did-you-know\">\n\t\t\t<div class=\"raven-post\">\n\t\t\t\t\t\t<div class=\"raven-post-image-wrap\">\n\t\t\t<a class=\"raven-post-image raven-image-fit\" href=\"https:\/\/www.cpasecurite.qc.ca\/en\/there-are-benefits-to-always-being-available\/\"><img data-opt-id=577056602  data-opt-src=\"https:\/\/mlw8umnlibay.i.optimole.com\/w:auto\/h:auto\/q:mauto\/f:best\/https:\/\/www.cpasecurite.qc.ca\/wp-content\/uploads\/2021\/03\/saviez-vous1.jpg\"  loading=\"lazy\" decoding=\"async\" width=\"692\" height=\"476\" src=\"data:image/svg+xml,%3Csvg%20viewBox%3D%220%200%20100%%20100%%22%20width%3D%22100%%22%20height%3D%22100%%22%20xmlns%3D%22http%3A%2F%2Fwww.w3.org%2F2000%2Fsvg%22%3E%3Crect%20width%3D%22100%%22%20height%3D%22100%%22%20fill%3D%22transparent%22%2F%3E%3C%2Fsvg%3E\" class=\"attachment-large size-large wp-image-1568\" alt=\"\" old-srcset=\"https:\/\/mlw8umnlibay.i.optimole.com\/w:692\/h:476\/q:mauto\/f:best\/https:\/\/www.cpasecurite.qc.ca\/wp-content\/uploads\/2021\/03\/saviez-vous1.jpg 692w, https:\/\/mlw8umnlibay.i.optimole.com\/w:300\/h:206\/q:mauto\/f:best\/https:\/\/www.cpasecurite.qc.ca\/wp-content\/uploads\/2021\/03\/saviez-vous1.jpg 300w\" \/> <span class=\"raven-post-image-overlay\"><\/span><\/a>\t\t<\/div>\n\t\t\t\t\t\t<div class=\"raven-post-content\">\n\t\t\t\t\t<h2 class=\"raven-post-title\"><a class=\"raven-post-title-link\" href=\"https:\/\/www.cpasecurite.qc.ca\/en\/there-are-benefits-to-always-being-available\/\">There are benefits to always being available.<\/a><\/h2><div class=\"raven-post-excerpt\">Did you know that the Decree provides additional benefits for employees working an average of more than 30 hours per week and offering full availability to their employer? <\/div>\t\t<div class=\"raven-post-read-more\">\n\t\t\t<a class=\"raven-post-button\" href=\"https:\/\/www.cpasecurite.qc.ca\/en\/there-are-benefits-to-always-being-available\/\"><span class=\"raven-post-button-text\">Read More<\/span><\/a>\n\t\t<\/div>\n\t\t\t\t\t\t<\/div>\n\t\t\t<\/div>\n\t\t<\/div>\n\t\t\t\t<div class=\"raven-grid-item raven-post-item post-5495 post type-post status-publish format-standard has-post-thumbnail hentry category-did-you-know\">\n\t\t\t<div class=\"raven-post\">\n\t\t\t\t\t\t<div class=\"raven-post-image-wrap\">\n\t\t\t<a class=\"raven-post-image raven-image-fit\" href=\"https:\/\/www.cpasecurite.qc.ca\/en\/cpr-training-an-important-and-profitable-asset\/\"><img data-opt-id=873648995  data-opt-src=\"https:\/\/mlw8umnlibay.i.optimole.com\/w:1024\/h:768\/q:mauto\/f:best\/https:\/\/www.cpasecurite.qc.ca\/wp-content\/uploads\/2021\/07\/information.jpg\"  loading=\"lazy\" decoding=\"async\" width=\"1024\" height=\"768\" src=\"data:image/svg+xml,%3Csvg%20viewBox%3D%220%200%201024%20768%22%20width%3D%221024%22%20height%3D%22768%22%20xmlns%3D%22http%3A%2F%2Fwww.w3.org%2F2000%2Fsvg%22%3E%3Crect%20width%3D%221024%22%20height%3D%22768%22%20fill%3D%22transparent%22%2F%3E%3C%2Fsvg%3E\" class=\"attachment-large size-large wp-image-3611\" alt=\"\" old-srcset=\"https:\/\/mlw8umnlibay.i.optimole.com\/w:1024\/h:768\/q:mauto\/f:best\/https:\/\/www.cpasecurite.qc.ca\/wp-content\/uploads\/2021\/07\/information.jpg 1024w, https:\/\/mlw8umnlibay.i.optimole.com\/w:300\/h:225\/q:mauto\/f:best\/https:\/\/www.cpasecurite.qc.ca\/wp-content\/uploads\/2021\/07\/information.jpg 300w, https:\/\/mlw8umnlibay.i.optimole.com\/w:768\/h:576\/q:mauto\/f:best\/https:\/\/www.cpasecurite.qc.ca\/wp-content\/uploads\/2021\/07\/information.jpg 768w, https:\/\/mlw8umnlibay.i.optimole.com\/w:1536\/h:1152\/q:mauto\/f:best\/https:\/\/www.cpasecurite.qc.ca\/wp-content\/uploads\/2021\/07\/information.jpg 1536w, https:\/\/mlw8umnlibay.i.optimole.com\/w:1920\/h:1440\/q:mauto\/f:best\/https:\/\/www.cpasecurite.qc.ca\/wp-content\/uploads\/2021\/07\/information.jpg 2000w\" \/> <span class=\"raven-post-image-overlay\"><\/span><\/a>\t\t<\/div>\n\t\t\t\t\t\t<div class=\"raven-post-content\">\n\t\t\t\t\t<h2 class=\"raven-post-title\"><a class=\"raven-post-title-link\" href=\"https:\/\/www.cpasecurite.qc.ca\/en\/cpr-training-an-important-and-profitable-asset\/\">CPR training: An important and profitable Asset!<\/a><\/h2><div class=\"raven-post-excerpt\">The Decree provides a prime for an agent who has completed first aid, CPR, and defibrillator training within the last 3 years. <\/div>\t\t<div class=\"raven-post-read-more\">\n\t\t\t<a class=\"raven-post-button\" href=\"https:\/\/www.cpasecurite.qc.ca\/en\/cpr-training-an-important-and-profitable-asset\/\"><span class=\"raven-post-button-text\">Read More<\/span><\/a>\n\t\t<\/div>\n\t\t\t\t\t\t<\/div>\n\t\t\t<\/div>\n\t\t<\/div>\n\t\t\t\t<\/div>\n\t\t\t\t\t\t<\/div>\n\t\t\t\t<\/div>\n\t\t\t\t\t<\/div>\n\t\t<\/div>\n\t\t\t\t\t<\/div>\n\t\t<\/section>\n\t\t\t\t<\/div>\n\t\t","protected":false},"excerpt":{"rendered":"<p>Did you know? HOURLY PREMIUMS : A RIGHT PROVIDED BY LAW Did you know that the hourly premiums listed in the Decree can increase security guards\u2019 hourly wage? Read More Hourly premium and training certificate Hourly premiums can increase your hourly wage. Be sure to send your employer your training certificates to receive payment of [&hellip;]<\/p>\n","protected":false},"author":1,"featured_media":0,"parent":0,"menu_order":0,"comment_status":"closed","ping_status":"closed","template":"elementor_header_footer","meta":{"_themeisle_gutenberg_block_has_review":false,"footnotes":""},"class_list":["post-1948","page","type-page","status-publish","hentry"],"yoast_head":"<!-- This site is optimized with the Yoast SEO plugin v26.5 - https:\/\/yoast.com\/wordpress\/plugins\/seo\/ -->\n<title>Did you know? - Comit\u00e9 Paritaire des Agents de S\u00e9curit\u00e9<\/title>\n<meta name=\"robots\" content=\"index, follow, max-snippet:-1, max-image-preview:large, max-video-preview:-1\" \/>\n<link rel=\"canonical\" href=\"https:\/\/www.cpasecurite.qc.ca\/en\/did-you-know\/\" \/>\n<meta property=\"og:locale\" content=\"en_US\" \/>\n<meta property=\"og:type\" content=\"article\" \/>\n<meta property=\"og:title\" content=\"Did you know? - Comit\u00e9 Paritaire des Agents de S\u00e9curit\u00e9\" \/>\n<meta property=\"og:description\" content=\"Did you know? HOURLY PREMIUMS : A RIGHT PROVIDED BY LAW Did you know that the hourly premiums listed in the Decree can increase security guards\u2019 hourly wage? Read More Hourly premium and training certificate Hourly premiums can increase your hourly wage. Be sure to send your employer your training certificates to receive payment of [&hellip;]\" \/>\n<meta property=\"og:url\" content=\"https:\/\/www.cpasecurite.qc.ca\/en\/did-you-know\/\" \/>\n<meta property=\"og:site_name\" content=\"Comit\u00e9 Paritaire des Agents de S\u00e9curit\u00e9\" \/>\n<meta property=\"article:modified_time\" content=\"2024-07-26T15:45:17+00:00\" \/>\n<meta property=\"og:image\" content=\"https:\/\/mlw8umnlibay.i.optimole.com\/w:1024\/h:768\/q:mauto\/f:best\/https:\/\/www.cpasecurite.qc.ca\/wp-content\/uploads\/2021\/07\/information.jpg\" \/>\n<meta name=\"twitter:card\" content=\"summary_large_image\" \/>\n<meta name=\"twitter:label1\" content=\"Est. reading time\" \/>\n\t<meta name=\"twitter:data1\" content=\"2 minutes\" \/>\n<script type=\"application\/ld+json\" class=\"yoast-schema-graph\">{\"@context\":\"https:\/\/schema.org\",\"@graph\":[{\"@type\":\"WebPage\",\"@id\":\"https:\/\/www.cpasecurite.qc.ca\/en\/did-you-know\/\",\"url\":\"https:\/\/www.cpasecurite.qc.ca\/en\/did-you-know\/\",\"name\":\"Did you know? - Comit\u00e9 Paritaire des Agents de S\u00e9curit\u00e9\",\"isPartOf\":{\"@id\":\"https:\/\/www.cpasecurite.qc.ca\/en\/#website\"},\"primaryImageOfPage\":{\"@id\":\"https:\/\/www.cpasecurite.qc.ca\/en\/did-you-know\/#primaryimage\"},\"image\":{\"@id\":\"https:\/\/www.cpasecurite.qc.ca\/en\/did-you-know\/#primaryimage\"},\"thumbnailUrl\":\"https:\/\/mlw8umnlibay.i.optimole.com\/w:1024\/h:768\/q:mauto\/f:best\/https:\/\/www.cpasecurite.qc.ca\/wp-content\/uploads\/2021\/07\/information.jpg\",\"datePublished\":\"2020-12-08T17:31:41+00:00\",\"dateModified\":\"2024-07-26T15:45:17+00:00\",\"breadcrumb\":{\"@id\":\"https:\/\/www.cpasecurite.qc.ca\/en\/did-you-know\/#breadcrumb\"},\"inLanguage\":\"en-CA\",\"potentialAction\":[{\"@type\":\"ReadAction\",\"target\":[\"https:\/\/www.cpasecurite.qc.ca\/en\/did-you-know\/\"]}]},{\"@type\":\"ImageObject\",\"inLanguage\":\"en-CA\",\"@id\":\"https:\/\/www.cpasecurite.qc.ca\/en\/did-you-know\/#primaryimage\",\"url\":\"https:\/\/mlw8umnlibay.i.optimole.com\/w:1024\/h:768\/q:mauto\/f:best\/https:\/\/www.cpasecurite.qc.ca\/wp-content\/uploads\/2021\/07\/information.jpg\",\"contentUrl\":\"https:\/\/mlw8umnlibay.i.optimole.com\/w:1024\/h:768\/q:mauto\/f:best\/https:\/\/www.cpasecurite.qc.ca\/wp-content\/uploads\/2021\/07\/information.jpg\"},{\"@type\":\"BreadcrumbList\",\"@id\":\"https:\/\/www.cpasecurite.qc.ca\/en\/did-you-know\/#breadcrumb\",\"itemListElement\":[{\"@type\":\"ListItem\",\"position\":1,\"name\":\"Accueil\",\"item\":\"https:\/\/www.cpasecurite.qc.ca\/en\/\"},{\"@type\":\"ListItem\",\"position\":2,\"name\":\"Did you know?\"}]},{\"@type\":\"WebSite\",\"@id\":\"https:\/\/www.cpasecurite.qc.ca\/en\/#website\",\"url\":\"https:\/\/www.cpasecurite.qc.ca\/en\/\",\"name\":\"Comit\u00e9 Paritaire des Agents de S\u00e9curit\u00e9\",\"description\":\"\",\"potentialAction\":[{\"@type\":\"SearchAction\",\"target\":{\"@type\":\"EntryPoint\",\"urlTemplate\":\"https:\/\/www.cpasecurite.qc.ca\/en\/?s={search_term_string}\"},\"query-input\":{\"@type\":\"PropertyValueSpecification\",\"valueRequired\":true,\"valueName\":\"search_term_string\"}}],\"inLanguage\":\"en-CA\"}]}<\/script>\n<!-- \/ Yoast SEO plugin. -->","yoast_head_json":{"title":"Did you know? - Comit\u00e9 Paritaire des Agents de S\u00e9curit\u00e9","robots":{"index":"index","follow":"follow","max-snippet":"max-snippet:-1","max-image-preview":"max-image-preview:large","max-video-preview":"max-video-preview:-1"},"canonical":"https:\/\/www.cpasecurite.qc.ca\/en\/did-you-know\/","og_locale":"en_US","og_type":"article","og_title":"Did you know? - Comit\u00e9 Paritaire des Agents de S\u00e9curit\u00e9","og_description":"Did you know? HOURLY PREMIUMS : A RIGHT PROVIDED BY LAW Did you know that the hourly premiums listed in the Decree can increase security guards\u2019 hourly wage? Read More Hourly premium and training certificate Hourly premiums can increase your hourly wage. Be sure to send your employer your training certificates to receive payment of [&hellip;]","og_url":"https:\/\/www.cpasecurite.qc.ca\/en\/did-you-know\/","og_site_name":"Comit\u00e9 Paritaire des Agents de S\u00e9curit\u00e9","article_modified_time":"2024-07-26T15:45:17+00:00","og_image":[{"url":"https:\/\/mlw8umnlibay.i.optimole.com\/w:1024\/h:768\/q:mauto\/f:best\/https:\/\/www.cpasecurite.qc.ca\/wp-content\/uploads\/2021\/07\/information.jpg","type":"","width":"","height":""}],"twitter_card":"summary_large_image","twitter_misc":{"Est. reading time":"2 minutes"},"schema":{"@context":"https:\/\/schema.org","@graph":[{"@type":"WebPage","@id":"https:\/\/www.cpasecurite.qc.ca\/en\/did-you-know\/","url":"https:\/\/www.cpasecurite.qc.ca\/en\/did-you-know\/","name":"Did you know? - Comit\u00e9 Paritaire des Agents de S\u00e9curit\u00e9","isPartOf":{"@id":"https:\/\/www.cpasecurite.qc.ca\/en\/#website"},"primaryImageOfPage":{"@id":"https:\/\/www.cpasecurite.qc.ca\/en\/did-you-know\/#primaryimage"},"image":{"@id":"https:\/\/www.cpasecurite.qc.ca\/en\/did-you-know\/#primaryimage"},"thumbnailUrl":"https:\/\/mlw8umnlibay.i.optimole.com\/w:1024\/h:768\/q:mauto\/f:best\/https:\/\/www.cpasecurite.qc.ca\/wp-content\/uploads\/2021\/07\/information.jpg","datePublished":"2020-12-08T17:31:41+00:00","dateModified":"2024-07-26T15:45:17+00:00","breadcrumb":{"@id":"https:\/\/www.cpasecurite.qc.ca\/en\/did-you-know\/#breadcrumb"},"inLanguage":"en-CA","potentialAction":[{"@type":"ReadAction","target":["https:\/\/www.cpasecurite.qc.ca\/en\/did-you-know\/"]}]},{"@type":"ImageObject","inLanguage":"en-CA","@id":"https:\/\/www.cpasecurite.qc.ca\/en\/did-you-know\/#primaryimage","url":"https:\/\/mlw8umnlibay.i.optimole.com\/w:1024\/h:768\/q:mauto\/f:best\/https:\/\/www.cpasecurite.qc.ca\/wp-content\/uploads\/2021\/07\/information.jpg","contentUrl":"https:\/\/mlw8umnlibay.i.optimole.com\/w:1024\/h:768\/q:mauto\/f:best\/https:\/\/www.cpasecurite.qc.ca\/wp-content\/uploads\/2021\/07\/information.jpg"},{"@type":"BreadcrumbList","@id":"https:\/\/www.cpasecurite.qc.ca\/en\/did-you-know\/#breadcrumb","itemListElement":[{"@type":"ListItem","position":1,"name":"Accueil","item":"https:\/\/www.cpasecurite.qc.ca\/en\/"},{"@type":"ListItem","position":2,"name":"Did you know?"}]},{"@type":"WebSite","@id":"https:\/\/www.cpasecurite.qc.ca\/en\/#website","url":"https:\/\/www.cpasecurite.qc.ca\/en\/","name":"Comit\u00e9 Paritaire des Agents de S\u00e9curit\u00e9","description":"","potentialAction":[{"@type":"SearchAction","target":{"@type":"EntryPoint","urlTemplate":"https:\/\/www.cpasecurite.qc.ca\/en\/?s={search_term_string}"},"query-input":{"@type":"PropertyValueSpecification","valueRequired":true,"valueName":"search_term_string"}}],"inLanguage":"en-CA"}]}},"_links":{"self":[{"href":"https:\/\/www.cpasecurite.qc.ca\/en\/wp-json\/wp\/v2\/pages\/1948","targetHints":{"allow":["GET"]}}],"collection":[{"href":"https:\/\/www.cpasecurite.qc.ca\/en\/wp-json\/wp\/v2\/pages"}],"about":[{"href":"https:\/\/www.cpasecurite.qc.ca\/en\/wp-json\/wp\/v2\/types\/page"}],"author":[{"embeddable":true,"href":"https:\/\/www.cpasecurite.qc.ca\/en\/wp-json\/wp\/v2\/users\/1"}],"replies":[{"embeddable":true,"href":"https:\/\/www.cpasecurite.qc.ca\/en\/wp-json\/wp\/v2\/comments?post=1948"}],"version-history":[{"count":9,"href":"https:\/\/www.cpasecurite.qc.ca\/en\/wp-json\/wp\/v2\/pages\/1948\/revisions"}],"predecessor-version":[{"id":5382,"href":"https:\/\/www.cpasecurite.qc.ca\/en\/wp-json\/wp\/v2\/pages\/1948\/revisions\/5382"}],"wp:attachment":[{"href":"https:\/\/www.cpasecurite.qc.ca\/en\/wp-json\/wp\/v2\/media?parent=1948"}],"curies":[{"name":"wp","href":"https:\/\/api.w.org\/{rel}","templated":true}]}}